{"id":109,"date":"2023-03-12T16:22:50","date_gmt":"2023-03-12T15:22:50","guid":{"rendered":"https:\/\/nni4vwt3f9y7fglt.prev.site\/WordPress\/?page_id=109"},"modified":"2026-03-16T10:57:11","modified_gmt":"2026-03-16T09:57:11","slug":"bli-medlem","status":"publish","type":"page","link":"https:\/\/www.nrha.no\/WordPress\/?page_id=109","title":{"rendered":"Bli medlem"},"content":{"rendered":"\n<h2 class=\"wp-block-heading\"><strong>Hvorfor bli medlem?<\/strong><\/h2>\n\n\n\n<ul class=\"wp-block-list\">\n<li>Som medlem f\u00e5r du delta i alle NRHA affiliates klasser p\u00e5 stevner i Norge , Sverige, Danmark og Finland.<\/li>\n\n\n\n<li>Du f\u00e5r delta i Year End Awards og kjempe om en spesielt designet beltespenne.<\/li>\n\n\n\n<li>Du f\u00e5r hjelp og veiledning.<\/li>\n\n\n\n<li>Du f\u00e5r v\u00e6re med p\u00e5 alle sosiale arrangement i NRHA Norway sin regi.<\/li>\n\n\n\n<li>Du f\u00e5r rabattert medlemspris p\u00e5 reining clinics i NRHA Norway sin regi.<\/li>\n<\/ul>\n\n\n\n\n\n<h2 class=\"wp-block-heading\">Priser<\/h2>\n\n\n\n<p><\/p>\n\n\n\n<figure class=\"wp-block-table is-style-regular\"><table><tbody><tr><td>1 \u00e5r General og Non Pro <\/td><td>Kr. 900,-<\/td><\/tr><tr><td>1 \u00e5r Youth (gjelder barn opp til 18 \u00e5r (til og med \u00e5ret du fyller 18 \u00e5r)<\/td><td>Kr. 600,-<\/td><\/tr><tr><td>St\u00f8ttemedlemskap<\/td><td>Kr. 300,-<\/td><\/tr><tr><td>Hestelisens<\/td><td>Kr. 350,-<\/td><\/tr><tr><td>Eierskifte hestelisens<\/td><td>Kr. 150,-<\/td><\/tr><\/tbody><\/table><\/figure>\n\n\n\n\n\n<p>Trykk p\u00e5 aktuell knapp. Last ned skjema. Fyll det ut og send det til oss p\u00e5 mail: post@nrha.no<\/p>\n\n\n<a class=\"guten-button guten-button-sm\" href=\"https:\/\/www.nrha.no\/WordPress\/wp-content\/uploads\/2025\/01\/Medlems-soknad-NRHA.pdf\"><span>Forny medlemskap \/ Bli Medlem<\/span><\/a>\n\n\n\n<a class=\"guten-button guten-button-sm\" href=\"https:\/\/www.nrha.no\/WordPress\/wp-content\/uploads\/2023\/05\/Hestelisens-soknad.pdf\"><span>Hestelisens<\/span><\/a>\n\n\n\n<a class=\"guten-button guten-button-sm\" href=\"https:\/\/www.nrha.no\/WordPress\/wp-content\/uploads\/2023\/05\/NonPro-Soknad.pdf\"><span>NonPro Deklarasjon<\/span><\/a>\n\n\n<p><\/p>\n","protected":false},"excerpt":{"rendered":"<p>Hvorfor bli medlem? Priser 1 \u00e5r General og Non Pro Kr. 900,- 1 \u00e5r Youth (gjelder barn opp til 18 \u00e5r (til og med \u00e5ret du fyller 18 \u00e5r) Kr. 600,- St\u00f8ttemedlemskap Kr. 300,- Hestelisens Kr. 350,- Eierskifte hestelisens Kr. 150,- Trykk p\u00e5 aktuell knapp. Last ned skjema. Fyll det ut og send det til [&hellip;]<\/p>\n","protected":false},"author":1,"featured_media":0,"parent":0,"menu_order":0,"comment_status":"closed","ping_status":"closed","template":"","meta":{"ngg_post_thumbnail":0,"footnotes":""},"class_list":["post-109","page","type-page","status-publish","hentry"],"_links":{"self":[{"href":"https:\/\/www.nrha.no\/WordPress\/index.php?rest_route=\/wp\/v2\/pages\/109","targetHints":{"allow":["GET"]}}],"collection":[{"href":"https:\/\/www.nrha.no\/WordPress\/index.php?rest_route=\/wp\/v2\/pages"}],"about":[{"href":"https:\/\/www.nrha.no\/WordPress\/index.php?rest_route=\/wp\/v2\/types\/page"}],"author":[{"embeddable":true,"href":"https:\/\/www.nrha.no\/WordPress\/index.php?rest_route=\/wp\/v2\/users\/1"}],"replies":[{"embeddable":true,"href":"https:\/\/www.nrha.no\/WordPress\/index.php?rest_route=%2Fwp%2Fv2%2Fcomments&post=109"}],"version-history":[{"count":22,"href":"https:\/\/www.nrha.no\/WordPress\/index.php?rest_route=\/wp\/v2\/pages\/109\/revisions"}],"predecessor-version":[{"id":991,"href":"https:\/\/www.nrha.no\/WordPress\/index.php?rest_route=\/wp\/v2\/pages\/109\/revisions\/991"}],"wp:attachment":[{"href":"https:\/\/www.nrha.no\/WordPress\/index.php?rest_route=%2Fwp%2Fv2%2Fmedia&parent=109"}],"curies":[{"name":"wp","href":"https:\/\/api.w.org\/{rel}","templated":true}]}}